{"id":26,"date":"2025-08-01T10:00:36","date_gmt":"2025-08-01T10:00:36","guid":{"rendered":"http:\/\/localhost\/?page_id=26"},"modified":"2025-10-13T19:12:50","modified_gmt":"2025-10-13T17:12:50","slug":"datenschutz","status":"publish","type":"page","link":"https:\/\/gpp.vision\/de\/datenschutz\/","title":{"rendered":"Datenschutz"},"content":{"rendered":"\n<div class=\"wp-block-group is-style-container-small\">\n<h1 class=\"wp-block-heading\">Datenschutz und Cookies<\/h1>\n\n\n\n<h2 class=\"wp-block-heading\">Datenschutzerkl\u00e4rung<\/h2>\n\n\n\n<h3 class=\"wp-block-heading\">Verarbeitete Daten<\/h3>\n\n\n\n<p>Wir verarbeiten Ihre personenbezogenen Daten, die unter folgende Datenkategorien fallen aufgrund von zwei Rechtsgrundlagen, die in der DSGVO verankert sind:<\/p>\n\n\n\n<ul class=\"wp-block-list\">\n<li>Ihren Namen bzw. die bekannt gegebenen Kontaktdaten \u00fcber die E-Mail Anfrage<\/li>\n\n\n\n<li>Name und E-Mail-Adresse f\u00fcr die Mitarbeit im Forum (Diese Daten werden an das Forum weitergegeben<\/li>\n\n\n\n<li>Name, Anschrift und E-Mail bzw. die bekannt gegebenen Daten f\u00fcr die Mitgliedschaft im Verein<\/li>\n\n\n\n<li>Name und E-Mail-Adresse bzw. die bekannt gegebenen Daten f\u00fcr eine Spende\n<ul class=\"wp-block-list\">\n<li>Bezahlung erfolgt \u00fcber das Bezahlsystem Stripe (Infos siehe Spendenformular)<\/li>\n<\/ul>\n<\/li>\n<\/ul>\n\n\n\n<h3 class=\"wp-block-heading\">Berechtigtes Interesse<\/h3>\n\n\n\n<p>Wir verarbeiten Daten \u00fcber Sie aufgrund unserer berechtigten Interessen oder denen eines Dritten. Die zur Verf\u00fcgung gestellten Daten werden gespeichert und dienen der Verarbeitung Ihrer Anfrage, Mitgliedschaft oder Spende.<\/p>\n\n\n\n<h3 class=\"wp-block-heading\">Einwilligung<\/h3>\n\n\n\n<p>Wir verarbeiten Ihre personenbezogenen Daten, die unter folgende Datenkategorien fallen:<\/p>\n\n\n\n<p>Ihren Namen, die bekannt gegebenen Kontaktdaten per E-Mail Anfrage, Ihre Interessen<\/p>\n\n\n\n<p>Diese Daten d\u00fcrfen wir aufgrund Ihrer Einwilligung verwenden.<\/p>\n\n\n\n<p>Sie haben uns Daten \u00fcber sich freiwillig zur Verf\u00fcgung gestellt und wir verarbeiten diese Daten auf Grundlage Ihrer Einwilligung zu folgenden Zwecken:<\/p>\n\n\n\n<ul class=\"wp-block-list\">\n<li>Bearbeitung und Beantwortung Ihrer Anfragen<\/li>\n\n\n\n<li>Bearbeitung Ihrer Anfrage zur Mitarbeit im Forum<\/li>\n\n\n\n<li>Bearbeitung Ihrer Anfrage zur Mitgliedschaft im Verein<\/li>\n\n\n\n<li>Bearbeitung Ihrer Spende<\/li>\n<\/ul>\n\n\n\n<p>Sie k\u00f6nnen diese Einwilligung jederzeit widerrufen. Ein Widerruf hat zur Folge, dass wir Ihre Daten ab diesem Zeitpunkt zu oben genannten Zwecken nicht mehr verarbeiten. F\u00fcr einen Widerruf wenden Sie sich bitte an&nbsp;<a href=\"mailto:&#111;ff&#105;ce&#64;g&#112;p&#46;vi&#115;i&#111;n\">&#111;f&#102;i&#99;e&#64;&#103;pp&#46;&#118;&#105;&#115;ion<\/a><\/p>\n\n\n\n<h3 class=\"wp-block-heading\">Links<\/h3>\n\n\n\n<p>Diese Website enth\u00e4lt Links zu anderen Websites. Wenn Sie auf einen solchen Link klicken, der zu anderen Websites f\u00fchrt, ist zu beachten, dass diese Websites ihre eigenen Datenschutzbestimmungen haben. Bitte \u00fcberpr\u00fcfen Sie deren Datenschutzbestimmungen bei der Verwendung dieser Websites.<\/p>\n\n\n\n<p>Bitte beachten Sie, dass wir keine Verantwortung oder Haftung f\u00fcr andere Websites \u00fcbernehmen.<\/p>\n\n\n\n<h3 class=\"wp-block-heading\">Datensicherheit<\/h3>\n\n\n\n<p>Global Peace Partnership setzt technische und organisatorische Sicherheitsma\u00dfnahmen ein, um die gespeicherten personenbezogenen Daten gegen zuf\u00e4llige oder vors\u00e4tzliche Manipulation, Verlust oder Zerst\u00f6rung und gegen den Zugriff unberechtigter Personen zu sch\u00fctzen. Unsere Sicherheitsma\u00dfnahmen werden entsprechend des technischen Fortschritts fortlaufend verbessert.<\/p>\n\n\n\n<h3 class=\"wp-block-heading\">Kontakt<\/h3>\n\n\n\n<p>Sie erreichen uns unter folgenden Kontaktdaten:<\/p>\n\n\n\n<p><strong>Global Peace Partnership (GPP)<\/strong><\/p>\n\n\n\n<p>Verein Global Peace Partnership (GPP)<br>Dinoplatz 1<br>8344 Bad Gleichenberg<br>Obmann: Mag. Markus Ulrich<\/p>\n\n\n\n<p><strong>ZVR-Zahl: 1056906150<\/strong><\/p>\n\n\n\n<p>E-Mail:\u00a0<a href=\"mailto:o&#102;&#102;&#105;&#99;&#101;&#64;gpp.&#118;is&#105;&#111;&#110;\">o&#102;&#102;&#105;c&#101;&#64;g&#112;p&#46;&#118;&#105;&#115;i&#111;n<\/a><\/p>\n\n\n\n<h3 class=\"wp-block-heading\">Rechtsbehelfsbelehrung<\/h3>\n\n\n\n<p>Ihnen stehen grunds\u00e4tzlich die Rechte auf Auskunft, Berichtigung, L\u00f6schung, Einschr\u00e4nkung, Daten\u00fcbertragbarkeit und Widerspruch zu. Daf\u00fcr wenden Sie sich an uns unter den oben genannten Kontaktdaten.<\/p>\n\n\n\n<p>Wenn Sie glauben, dass die Verarbeitung Ihrer Daten gegen das Datenschutzrecht verst\u00f6\u00dft oder Ihre datenschutzrechtlichen Anspr\u00fcche sonst in einer Weise verletzt worden sind, k\u00f6nnen Sie sich bei der Aufsichtsbeh\u00f6rde beschweren. In \u00d6sterreich ist die Datenschutzbeh\u00f6rde zust\u00e4ndig.<\/p>\n\n\n\n<p>\u00d6sterreichische Datenschutzbeh\u00f6rde<br>Wickenburggasse 8-10<br>1080 Wien<br>Telefon: +43 1 531 15-202525<br><a href=\"https:\/\/www.dsb.gv.at\/\">www.dsb.gv.at (externer Link)<\/a><\/p>\n\n\n\n<h2 class=\"wp-block-heading\">Cookies<\/h2>\n\n\n\n<h3 class=\"wp-block-heading\">Was ist ein Cookie eigentlich?<\/h3>\n\n\n\n<p>Ein \u00bbCookie\u00ab ist eine Folge von Textzeichen, die wir \u00fcber unseren Web Server an die Cookie-Datei des Browsers auf die Festplatte Ihres Computers \u00fcbermitteln. Damit wird es unserer Website erm\u00f6glicht, Sie wiederzuerkennen, wenn eine Verbindung zwischen unserem Web Server und Ihrem Browser hergestellt wird. Der Hauptzweck eines Cookies ist die Erkennung der Besucher der Website, damit unser Web Server Ihnen eine individuellere und mehr auf Ihre Bed\u00fcrfnisse abgestimmte personalisierte Website pr\u00e4sentieren kann.<\/p>\n\n\n\n<p><strong>Zwei Arten von Cookies werden auf dieser Website verwendet:<\/strong><\/p>\n\n\n\n<p>Session Cookies: Es handelt sich dabei um tempor\u00e4re Cookies, die bis zum Verlassen unserer Website in der Cookie Datei Ihres Browsers verweilen. Diese Cookies sind notwendig f\u00fcr gewisse Anwendungen oder Funktionen der Website, damit diese ordnungsgem\u00e4\u00df ausgef\u00fchrt werden k\u00f6nnen.<br>Dauerhafte Cookies: Wir k\u00f6nnen dauerhafte Cookies f\u00fcr eine bessere Benutzerfreundlichkeit verwenden (z.B. f\u00fcr die Bereitstellung einer optimalen Navigation). Es handelt sich dabei um Cookies, die f\u00fcr l\u00e4ngere Zeit in der Cookie Datei Ihres Browsers verweilen. Dieser Zeitraum h\u00e4ngt von den Einstellungen Ihres Internet Browsers ab. Dauerhafte Cookies erlauben bei jedem Besuch auf der Website die \u00dcbermittlung von Informationen an einen Webserver. Dauerhafte Cookies sind auch als Tracking Cookies bekannt.<br>Falls Sie mehr \u00fcber Cookies erfahren m\u00f6chten, sind viele Publikationen zu diesem Thema verf\u00fcgbar. Siehe zum Beispiel: <a href=\"https:\/\/www.allaboutcookies.org\">www.allaboutcookies.org (externer Link)<\/a><\/p>\n\n\n\n<p><strong>Es werden auf dieser Seite nur notwendige Cookies verarbeitet.<\/strong><\/p>\n<\/div>\n","protected":false},"excerpt":{"rendered":"<p>Datenschutz und Cookies Datenschutzerkl\u00e4rung Verarbeitete Daten Wir verarbeiten Ihre personenbezogenen Daten, die unter folgende Datenkategorien fallen aufgrund von zwei Rechtsgrundlagen, die in der DSGVO verankert sind: Berechtigtes Interesse Wir verarbeiten Daten \u00fcber Sie aufgrund unserer berechtigten Interessen oder denen eines Dritten. Die zur Verf\u00fcgung gestellten Daten werden gespeichert und dienen der Verarbeitung Ihrer Anfrage, Mitgliedschaft [&hellip;]<\/p>\n","protected":false},"author":1,"featured_media":0,"parent":0,"menu_order":9910,"comment_status":"closed","ping_status":"closed","template":"","meta":{"footnotes":""},"class_list":["post-26","page","type-page","status-publish","hentry"],"yoast_head":"<!-- This site is optimized with the Yoast SEO plugin v27.3 - https:\/\/yoast.com\/product\/yoast-seo-wordpress\/ -->\n<title>Datenschutz | Globale Friedenspartnerschaft<\/title>\n<meta name=\"robots\" content=\"noindex, nofollow\" \/>\n<meta property=\"og:locale\" content=\"de_DE\" \/>\n<meta property=\"og:type\" content=\"article\" \/>\n<meta property=\"og:title\" content=\"Datenschutz | Globale Friedenspartnerschaft\" \/>\n<meta property=\"og:description\" content=\"Datenschutz und Cookies Datenschutzerkl\u00e4rung Verarbeitete Daten Wir verarbeiten Ihre personenbezogenen Daten, die unter folgende Datenkategorien fallen aufgrund von zwei Rechtsgrundlagen, die in der DSGVO verankert sind: Berechtigtes Interesse Wir verarbeiten Daten \u00fcber Sie aufgrund unserer berechtigten Interessen oder denen eines Dritten. Die zur Verf\u00fcgung gestellten Daten werden gespeichert und dienen der Verarbeitung Ihrer Anfrage, Mitgliedschaft [&hellip;]\" \/>\n<meta property=\"og:url\" content=\"https:\/\/gpp.vision\/de\/datenschutz\/\" \/>\n<meta property=\"og:site_name\" content=\"Globale Friedenspartnerschaft\" \/>\n<meta property=\"article:modified_time\" content=\"2025-10-13T17:12:50+00:00\" \/>\n<meta name=\"twitter:card\" content=\"summary_large_image\" \/>\n<meta name=\"twitter:label1\" content=\"Gesch\u00e4tzte Lesezeit\" \/>\n\t<meta name=\"twitter:data1\" content=\"4\u00a0Minuten\" \/>\n<script type=\"application\/ld+json\" class=\"yoast-schema-graph\">{\"@context\":\"https:\\\/\\\/schema.org\",\"@graph\":[{\"@type\":\"WebPage\",\"@id\":\"https:\\\/\\\/gpp.vision\\\/de\\\/datenschutz\\\/\",\"url\":\"https:\\\/\\\/gpp.vision\\\/de\\\/datenschutz\\\/\",\"name\":\"Datenschutz | Globale Friedenspartnerschaft\",\"isPartOf\":{\"@id\":\"https:\\\/\\\/gpp.vision\\\/de\\\/#website\"},\"datePublished\":\"2025-08-01T10:00:36+00:00\",\"dateModified\":\"2025-10-13T17:12:50+00:00\",\"breadcrumb\":{\"@id\":\"https:\\\/\\\/gpp.vision\\\/de\\\/datenschutz\\\/#breadcrumb\"},\"inLanguage\":\"de\",\"potentialAction\":[{\"@type\":\"ReadAction\",\"target\":[\"https:\\\/\\\/gpp.vision\\\/de\\\/datenschutz\\\/\"]}]},{\"@type\":\"BreadcrumbList\",\"@id\":\"https:\\\/\\\/gpp.vision\\\/de\\\/datenschutz\\\/#breadcrumb\",\"itemListElement\":[{\"@type\":\"ListItem\",\"position\":1,\"name\":\"Startseite\",\"item\":\"https:\\\/\\\/gpp.vision\\\/de\\\/\"},{\"@type\":\"ListItem\",\"position\":2,\"name\":\"Datenschutz\"}]},{\"@type\":\"WebSite\",\"@id\":\"https:\\\/\\\/gpp.vision\\\/de\\\/#website\",\"url\":\"https:\\\/\\\/gpp.vision\\\/de\\\/\",\"name\":\"Globale Friedenspartnerschaft\",\"description\":\"Genug ist genug. Die Welt braucht einen Friedensvertrag.\",\"publisher\":{\"@id\":\"https:\\\/\\\/gpp.vision\\\/de\\\/#organization\"},\"alternateName\":\"GPP\",\"potentialAction\":[{\"@type\":\"SearchAction\",\"target\":{\"@type\":\"EntryPoint\",\"urlTemplate\":\"https:\\\/\\\/gpp.vision\\\/de\\\/?s={search_term_string}\"},\"query-input\":{\"@type\":\"PropertyValueSpecification\",\"valueRequired\":true,\"valueName\":\"search_term_string\"}}],\"inLanguage\":\"de\"},{\"@type\":\"Organization\",\"@id\":\"https:\\\/\\\/gpp.vision\\\/de\\\/#organization\",\"name\":\"Globale Friedenspartnerschaft (GPP)\",\"alternateName\":\"Global Peace Partnership\",\"url\":\"https:\\\/\\\/gpp.vision\\\/de\\\/\",\"logo\":{\"@type\":\"ImageObject\",\"inLanguage\":\"de\",\"@id\":\"https:\\\/\\\/gpp.vision\\\/de\\\/#\\\/schema\\\/logo\\\/image\\\/\",\"url\":\"https:\\\/\\\/gpp.vision\\\/de\\\/wp-content\\\/uploads\\\/sites\\\/2\\\/2025\\\/10\\\/cropped-icon_gpp.png\",\"contentUrl\":\"https:\\\/\\\/gpp.vision\\\/de\\\/wp-content\\\/uploads\\\/sites\\\/2\\\/2025\\\/10\\\/cropped-icon_gpp.png\",\"width\":512,\"height\":512,\"caption\":\"Globale Friedenspartnerschaft (GPP)\"},\"image\":{\"@id\":\"https:\\\/\\\/gpp.vision\\\/de\\\/#\\\/schema\\\/logo\\\/image\\\/\"}}]}<\/script>\n<!-- \/ Yoast SEO plugin. -->","yoast_head_json":{"title":"Datenschutz | Globale Friedenspartnerschaft","robots":{"index":"noindex","follow":"nofollow"},"og_locale":"de_DE","og_type":"article","og_title":"Datenschutz | Globale Friedenspartnerschaft","og_description":"Datenschutz und Cookies Datenschutzerkl\u00e4rung Verarbeitete Daten Wir verarbeiten Ihre personenbezogenen Daten, die unter folgende Datenkategorien fallen aufgrund von zwei Rechtsgrundlagen, die in der DSGVO verankert sind: Berechtigtes Interesse Wir verarbeiten Daten \u00fcber Sie aufgrund unserer berechtigten Interessen oder denen eines Dritten. Die zur Verf\u00fcgung gestellten Daten werden gespeichert und dienen der Verarbeitung Ihrer Anfrage, Mitgliedschaft [&hellip;]","og_url":"https:\/\/gpp.vision\/de\/datenschutz\/","og_site_name":"Globale Friedenspartnerschaft","article_modified_time":"2025-10-13T17:12:50+00:00","twitter_card":"summary_large_image","twitter_misc":{"Gesch\u00e4tzte Lesezeit":"4\u00a0Minuten"},"schema":{"@context":"https:\/\/schema.org","@graph":[{"@type":"WebPage","@id":"https:\/\/gpp.vision\/de\/datenschutz\/","url":"https:\/\/gpp.vision\/de\/datenschutz\/","name":"Datenschutz | Globale Friedenspartnerschaft","isPartOf":{"@id":"https:\/\/gpp.vision\/de\/#website"},"datePublished":"2025-08-01T10:00:36+00:00","dateModified":"2025-10-13T17:12:50+00:00","breadcrumb":{"@id":"https:\/\/gpp.vision\/de\/datenschutz\/#breadcrumb"},"inLanguage":"de","potentialAction":[{"@type":"ReadAction","target":["https:\/\/gpp.vision\/de\/datenschutz\/"]}]},{"@type":"BreadcrumbList","@id":"https:\/\/gpp.vision\/de\/datenschutz\/#breadcrumb","itemListElement":[{"@type":"ListItem","position":1,"name":"Startseite","item":"https:\/\/gpp.vision\/de\/"},{"@type":"ListItem","position":2,"name":"Datenschutz"}]},{"@type":"WebSite","@id":"https:\/\/gpp.vision\/de\/#website","url":"https:\/\/gpp.vision\/de\/","name":"Globale Friedenspartnerschaft","description":"Genug ist genug. Die Welt braucht einen Friedensvertrag.","publisher":{"@id":"https:\/\/gpp.vision\/de\/#organization"},"alternateName":"GPP","potentialAction":[{"@type":"SearchAction","target":{"@type":"EntryPoint","urlTemplate":"https:\/\/gpp.vision\/de\/?s={search_term_string}"},"query-input":{"@type":"PropertyValueSpecification","valueRequired":true,"valueName":"search_term_string"}}],"inLanguage":"de"},{"@type":"Organization","@id":"https:\/\/gpp.vision\/de\/#organization","name":"Globale Friedenspartnerschaft (GPP)","alternateName":"Global Peace Partnership","url":"https:\/\/gpp.vision\/de\/","logo":{"@type":"ImageObject","inLanguage":"de","@id":"https:\/\/gpp.vision\/de\/#\/schema\/logo\/image\/","url":"https:\/\/gpp.vision\/de\/wp-content\/uploads\/sites\/2\/2025\/10\/cropped-icon_gpp.png","contentUrl":"https:\/\/gpp.vision\/de\/wp-content\/uploads\/sites\/2\/2025\/10\/cropped-icon_gpp.png","width":512,"height":512,"caption":"Globale Friedenspartnerschaft (GPP)"},"image":{"@id":"https:\/\/gpp.vision\/de\/#\/schema\/logo\/image\/"}}]}},"_links":{"self":[{"href":"https:\/\/gpp.vision\/de\/wp-json\/wp\/v2\/pages\/26","targetHints":{"allow":["GET"]}}],"collection":[{"href":"https:\/\/gpp.vision\/de\/wp-json\/wp\/v2\/pages"}],"about":[{"href":"https:\/\/gpp.vision\/de\/wp-json\/wp\/v2\/types\/page"}],"author":[{"embeddable":true,"href":"https:\/\/gpp.vision\/de\/wp-json\/wp\/v2\/users\/1"}],"replies":[{"embeddable":true,"href":"https:\/\/gpp.vision\/de\/wp-json\/wp\/v2\/comments?post=26"}],"version-history":[{"count":6,"href":"https:\/\/gpp.vision\/de\/wp-json\/wp\/v2\/pages\/26\/revisions"}],"predecessor-version":[{"id":1487,"href":"https:\/\/gpp.vision\/de\/wp-json\/wp\/v2\/pages\/26\/revisions\/1487"}],"wp:attachment":[{"href":"https:\/\/gpp.vision\/de\/wp-json\/wp\/v2\/media?parent=26"}],"curies":[{"name":"wp","href":"https:\/\/api.w.org\/{rel}","templated":true}]}}