{"id":16,"date":"2025-08-01T09:53:48","date_gmt":"2025-08-01T09:53:48","guid":{"rendered":"http:\/\/localhost\/?page_id=16"},"modified":"2025-10-12T15:16:10","modified_gmt":"2025-10-12T13:16:10","slug":"ueber-den-vertrag","status":"publish","type":"page","link":"https:\/\/gpp.vision\/de\/globale-friedenspartnerschaft\/ueber-den-vertrag\/","title":{"rendered":"\u00dcber den Vertrag"},"content":{"rendered":"\n<section class=\"wp-block-group is-style-container-small\">\n<h1 class=\"wp-block-heading\">Forderung an die Weltgemeinschaft<\/h1>\n\n\n\n<p>Lasst uns einen Friedensvertrag schaffen,<br>der nicht nur Waffen und Aggressionen zum Schweigen bringt,<br>sondern auf dem Fundament echter Solidarit\u00e4t und v\u00f6lkerrechtlicher Verbindlichkeit ruht.<br>Ein Vertrag, der garantiert:<\/p>\n\n\n\n<ul class=\"wp-block-list\">\n<li>Wer angegriffen wird, erh\u00e4lt Beistand.<\/li>\n\n\n\n<li>Wer Hilfe braucht, erh\u00e4lt sie \u2013 wirtschaftlich, humanit\u00e4r, digital.<\/li>\n\n\n\n<li>Wer zum Frieden beitr\u00e4gt, wird gest\u00e4rkt \u2013 nicht ignoriert.<\/li>\n<\/ul>\n\n\n\n<p>Es geht nicht um Machtverlagerung.<br>Sondern um Verantwortungsteilung.<br>Dieser Vertrag muss verbindlich, gerecht und global anschlussf\u00e4hig sein \u2013<br>\u00fcber Systeme, Kulturen und Kontinente hinweg.<\/p>\n<\/section>\n\n\n\n<section class=\"wp-block-group\" style=\"margin-top:var(--wp--preset--spacing--large);margin-bottom:var(--wp--preset--spacing--large)\">\n<div class=\"wp-block-custom-simple-columns col-80_20 col-2 vertical-top\">\n<div class=\"wp-block-custom-simple-column has-white-color-color has-third-color-background-color has-text-color has-background has-link-color wp-elements-e770803dc5a3386470c76e70bae7ccb7\" style=\"padding-top:var(--wp--preset--spacing--large);padding-right:var(--wp--preset--spacing--medium);padding-bottom:var(--wp--preset--spacing--large);padding-left:var(--wp--preset--spacing--medium)\">\n<h2 class=\"wp-block-heading has-white-color-color has-text-color has-link-color wp-elements-3cc2cc45b1015ed4038f59862ee3adb9\" style=\"margin-top:0;margin-bottom:0\">Ein Vertrag, der w\u00e4chst \u2013 aber nicht verw\u00e4ssert<\/h2>\n\n\n\n<p>Er lebt von guten Ideen. Er reift durch kluge K\u00f6pfe. Und er wird getragen von Menschen, die nicht nur sagen, was fehlt \u2013 sondern wissen, was wirkt.<\/p>\n<\/div>\n\n\n\n<div class=\"wp-block-custom-simple-column has-white-color-color has-text-color has-link-color wp-elements-981b5db0a9ec9914db6b5e8623a6fbb5\" style=\"padding-top:0;padding-right:0;padding-bottom:0;padding-left:0\">\n<figure class=\"wp-block-image size-full\"><img loading=\"lazy\" decoding=\"async\" width=\"600\" height=\"411\" src=\"https:\/\/gpp.vision\/de\/wp-content\/uploads\/sites\/2\/2025\/10\/menschen_hand_in_hand_auf_der_weltkugel.webp\" alt=\"Verschiedene Papierfiguren, die sich auf einer Weltkugel an den H\u00e4nden halten und die globale Einheit symbolisieren.\" class=\"wp-image-1434\" style=\"aspect-ratio:1;object-fit:cover\" srcset=\"https:\/\/gpp.vision\/de\/wp-content\/uploads\/sites\/2\/2025\/10\/menschen_hand_in_hand_auf_der_weltkugel.webp 600w, https:\/\/gpp.vision\/de\/wp-content\/uploads\/sites\/2\/2025\/10\/menschen_hand_in_hand_auf_der_weltkugel-300x206.webp 300w\"  sizes=\"(max-width: 600px) 100vw, 600px\" \/><\/figure>\n<\/div>\n<\/div>\n<\/section>\n\n\n\n<section class=\"wp-block-group is-style-container-small\">\n<h2 class=\"wp-block-heading\"><strong>Was jetzt z\u00e4hlt: Beteiligung statt Beobachtung<\/strong><\/h2>\n\n\n\n<p>Wir schaffen eine internationale Friedensplattform \u2013<br>eine offene, digitale Arbeitsstruktur f\u00fcr alle,<br>die bereit sind, an einem globalen Friedensvertrag mitzuwirken.<br>Dort entsteht:<\/p>\n\n\n\n<ul class=\"wp-block-list\">\n<li>Ein transparenter Erstentwurf, \u00f6ffentlich einsehbar<\/li>\n\n\n\n<li>Eine offene Orientierung mit Grundprinzipien und Leitlinien zur Mitwirkung f\u00fcr Staaten, Institutionen, Expert*innen und engagierte Menschen weltweit<\/li>\n\n\n\n<li>Die M\u00f6glichkeit f\u00fcr konkrete Vorschl\u00e4ge, Erweiterungen und kreative Beitr\u00e4ge<\/li>\n\n\n\n<li>Ein internationales Initiativkomitee, das den Vertrag finalisiert, legitimiert und in die Welt tr\u00e4gt<\/li>\n<\/ul>\n\n\n\n<p>Die Plattform richtet sich an Pr\u00e4sidenten, Premierminister, Juristinnen, Friedensforscher, Aktivistinnen, Techniker, Journalisten, \u00d6konomen, K\u00fcnstler \u2013<br><strong>und an alle Menschen mit Mut und Herz f\u00fcr globale Verantwortung.<\/strong><\/p>\n\n\n\n<div class=\"wp-block-buttons is-layout-flex wp-block-buttons-is-layout-flex\">\n<div class=\"wp-block-button\"><a class=\"wp-block-button__link wp-element-button\" href=\"https:\/\/gpp.vision\/de\/teilnehmen\/\">Jetzt beteiligen<\/a><\/div>\n<\/div>\n<\/section>\n","protected":false},"excerpt":{"rendered":"<p>Forderung an die Weltgemeinschaft Lasst uns einen Friedensvertrag schaffen,der nicht nur Waffen und Aggressionen zum Schweigen bringt,sondern auf dem Fundament echter Solidarit\u00e4t und v\u00f6lkerrechtlicher Verbindlichkeit ruht.Ein Vertrag, der garantiert: Es geht nicht um Machtverlagerung.Sondern um Verantwortungsteilung.Dieser Vertrag muss verbindlich, gerecht und global anschlussf\u00e4hig sein \u2013\u00fcber Systeme, Kulturen und Kontinente hinweg. Was jetzt z\u00e4hlt: Beteiligung statt [&hellip;]<\/p>\n","protected":false},"author":1,"featured_media":0,"parent":12,"menu_order":1005,"comment_status":"closed","ping_status":"closed","template":"","meta":{"footnotes":""},"class_list":["post-16","page","type-page","status-publish","hentry"],"yoast_head":"<!-- This site is optimized with the Yoast SEO plugin v27.3 - https:\/\/yoast.com\/product\/yoast-seo-wordpress\/ -->\n<title>\u00dcber den Vertrag | Globale Friedenspartnerschaft<\/title>\n<meta name=\"robots\" content=\"index, follow, max-snippet:-1, max-image-preview:large, max-video-preview:-1\" \/>\n<link rel=\"canonical\" href=\"https:\/\/gpp.vision\/de\/globale-friedenspartnerschaft\/ueber-den-vertrag\/\" \/>\n<meta property=\"og:locale\" content=\"de_DE\" \/>\n<meta property=\"og:type\" content=\"article\" \/>\n<meta property=\"og:title\" content=\"\u00dcber den Vertrag | Globale Friedenspartnerschaft\" \/>\n<meta property=\"og:description\" content=\"Forderung an die Weltgemeinschaft Lasst uns einen Friedensvertrag schaffen,der nicht nur Waffen und Aggressionen zum Schweigen bringt,sondern auf dem Fundament echter Solidarit\u00e4t und v\u00f6lkerrechtlicher Verbindlichkeit ruht.Ein Vertrag, der garantiert: Es geht nicht um Machtverlagerung.Sondern um Verantwortungsteilung.Dieser Vertrag muss verbindlich, gerecht und global anschlussf\u00e4hig sein \u2013\u00fcber Systeme, Kulturen und Kontinente hinweg. Was jetzt z\u00e4hlt: Beteiligung statt [&hellip;]\" \/>\n<meta property=\"og:url\" content=\"https:\/\/gpp.vision\/de\/globale-friedenspartnerschaft\/ueber-den-vertrag\/\" \/>\n<meta property=\"og:site_name\" content=\"Globale Friedenspartnerschaft\" \/>\n<meta property=\"article:modified_time\" content=\"2025-10-12T13:16:10+00:00\" \/>\n<meta property=\"og:image\" content=\"https:\/\/gpp.vision\/de\/wp-content\/uploads\/sites\/2\/2025\/10\/menschen_hand_in_hand_auf_der_weltkugel.webp\" \/>\n<meta name=\"twitter:card\" content=\"summary_large_image\" \/>\n<meta name=\"twitter:label1\" content=\"Gesch\u00e4tzte Lesezeit\" \/>\n\t<meta name=\"twitter:data1\" content=\"2\u00a0Minuten\" \/>\n<script type=\"application\/ld+json\" class=\"yoast-schema-graph\">{\"@context\":\"https:\\\/\\\/schema.org\",\"@graph\":[{\"@type\":\"WebPage\",\"@id\":\"https:\\\/\\\/gpp.vision\\\/de\\\/globale-friedenspartnerschaft\\\/ueber-den-vertrag\\\/\",\"url\":\"https:\\\/\\\/gpp.vision\\\/de\\\/globale-friedenspartnerschaft\\\/ueber-den-vertrag\\\/\",\"name\":\"\u00dcber den Vertrag | Globale Friedenspartnerschaft\",\"isPartOf\":{\"@id\":\"https:\\\/\\\/gpp.vision\\\/de\\\/#website\"},\"primaryImageOfPage\":{\"@id\":\"https:\\\/\\\/gpp.vision\\\/de\\\/globale-friedenspartnerschaft\\\/ueber-den-vertrag\\\/#primaryimage\"},\"image\":{\"@id\":\"https:\\\/\\\/gpp.vision\\\/de\\\/globale-friedenspartnerschaft\\\/ueber-den-vertrag\\\/#primaryimage\"},\"thumbnailUrl\":\"https:\\\/\\\/gpp.vision\\\/de\\\/wp-content\\\/uploads\\\/sites\\\/2\\\/2025\\\/10\\\/menschen_hand_in_hand_auf_der_weltkugel.webp\",\"datePublished\":\"2025-08-01T09:53:48+00:00\",\"dateModified\":\"2025-10-12T13:16:10+00:00\",\"breadcrumb\":{\"@id\":\"https:\\\/\\\/gpp.vision\\\/de\\\/globale-friedenspartnerschaft\\\/ueber-den-vertrag\\\/#breadcrumb\"},\"inLanguage\":\"de\",\"potentialAction\":[{\"@type\":\"ReadAction\",\"target\":[\"https:\\\/\\\/gpp.vision\\\/de\\\/globale-friedenspartnerschaft\\\/ueber-den-vertrag\\\/\"]}]},{\"@type\":\"ImageObject\",\"inLanguage\":\"de\",\"@id\":\"https:\\\/\\\/gpp.vision\\\/de\\\/globale-friedenspartnerschaft\\\/ueber-den-vertrag\\\/#primaryimage\",\"url\":\"https:\\\/\\\/gpp.vision\\\/de\\\/wp-content\\\/uploads\\\/sites\\\/2\\\/2025\\\/10\\\/menschen_hand_in_hand_auf_der_weltkugel.webp\",\"contentUrl\":\"https:\\\/\\\/gpp.vision\\\/de\\\/wp-content\\\/uploads\\\/sites\\\/2\\\/2025\\\/10\\\/menschen_hand_in_hand_auf_der_weltkugel.webp\",\"width\":600,\"height\":411,\"caption\":\"Verschiedene Papierfiguren, die sich auf einer Weltkugel an den H\u00e4nden halten und die globale Einheit symbolisieren.\"},{\"@type\":\"BreadcrumbList\",\"@id\":\"https:\\\/\\\/gpp.vision\\\/de\\\/globale-friedenspartnerschaft\\\/ueber-den-vertrag\\\/#breadcrumb\",\"itemListElement\":[{\"@type\":\"ListItem\",\"position\":1,\"name\":\"Startseite\",\"item\":\"https:\\\/\\\/gpp.vision\\\/de\\\/\"},{\"@type\":\"ListItem\",\"position\":2,\"name\":\"Globale Friedenspartnerschaft\",\"item\":\"https:\\\/\\\/gpp.vision\\\/de\\\/\"},{\"@type\":\"ListItem\",\"position\":3,\"name\":\"\u00dcber den Vertrag\"}]},{\"@type\":\"WebSite\",\"@id\":\"https:\\\/\\\/gpp.vision\\\/de\\\/#website\",\"url\":\"https:\\\/\\\/gpp.vision\\\/de\\\/\",\"name\":\"Globale Friedenspartnerschaft\",\"description\":\"Genug ist genug. Die Welt braucht einen Friedensvertrag.\",\"publisher\":{\"@id\":\"https:\\\/\\\/gpp.vision\\\/de\\\/#organization\"},\"alternateName\":\"GPP\",\"potentialAction\":[{\"@type\":\"SearchAction\",\"target\":{\"@type\":\"EntryPoint\",\"urlTemplate\":\"https:\\\/\\\/gpp.vision\\\/de\\\/?s={search_term_string}\"},\"query-input\":{\"@type\":\"PropertyValueSpecification\",\"valueRequired\":true,\"valueName\":\"search_term_string\"}}],\"inLanguage\":\"de\"},{\"@type\":\"Organization\",\"@id\":\"https:\\\/\\\/gpp.vision\\\/de\\\/#organization\",\"name\":\"Globale Friedenspartnerschaft (GPP)\",\"alternateName\":\"Global Peace Partnership\",\"url\":\"https:\\\/\\\/gpp.vision\\\/de\\\/\",\"logo\":{\"@type\":\"ImageObject\",\"inLanguage\":\"de\",\"@id\":\"https:\\\/\\\/gpp.vision\\\/de\\\/#\\\/schema\\\/logo\\\/image\\\/\",\"url\":\"https:\\\/\\\/gpp.vision\\\/de\\\/wp-content\\\/uploads\\\/sites\\\/2\\\/2025\\\/10\\\/cropped-icon_gpp.png\",\"contentUrl\":\"https:\\\/\\\/gpp.vision\\\/de\\\/wp-content\\\/uploads\\\/sites\\\/2\\\/2025\\\/10\\\/cropped-icon_gpp.png\",\"width\":512,\"height\":512,\"caption\":\"Globale Friedenspartnerschaft (GPP)\"},\"image\":{\"@id\":\"https:\\\/\\\/gpp.vision\\\/de\\\/#\\\/schema\\\/logo\\\/image\\\/\"}}]}<\/script>\n<!-- \/ Yoast SEO plugin. -->","yoast_head_json":{"title":"\u00dcber den Vertrag | Globale Friedenspartnerschaft","robots":{"index":"index","follow":"follow","max-snippet":"max-snippet:-1","max-image-preview":"max-image-preview:large","max-video-preview":"max-video-preview:-1"},"canonical":"https:\/\/gpp.vision\/de\/globale-friedenspartnerschaft\/ueber-den-vertrag\/","og_locale":"de_DE","og_type":"article","og_title":"\u00dcber den Vertrag | Globale Friedenspartnerschaft","og_description":"Forderung an die Weltgemeinschaft Lasst uns einen Friedensvertrag schaffen,der nicht nur Waffen und Aggressionen zum Schweigen bringt,sondern auf dem Fundament echter Solidarit\u00e4t und v\u00f6lkerrechtlicher Verbindlichkeit ruht.Ein Vertrag, der garantiert: Es geht nicht um Machtverlagerung.Sondern um Verantwortungsteilung.Dieser Vertrag muss verbindlich, gerecht und global anschlussf\u00e4hig sein \u2013\u00fcber Systeme, Kulturen und Kontinente hinweg. Was jetzt z\u00e4hlt: Beteiligung statt [&hellip;]","og_url":"https:\/\/gpp.vision\/de\/globale-friedenspartnerschaft\/ueber-den-vertrag\/","og_site_name":"Globale Friedenspartnerschaft","article_modified_time":"2025-10-12T13:16:10+00:00","og_image":[{"url":"https:\/\/gpp.vision\/de\/wp-content\/uploads\/sites\/2\/2025\/10\/menschen_hand_in_hand_auf_der_weltkugel.webp","type":"","width":"","height":""}],"twitter_card":"summary_large_image","twitter_misc":{"Gesch\u00e4tzte Lesezeit":"2\u00a0Minuten"},"schema":{"@context":"https:\/\/schema.org","@graph":[{"@type":"WebPage","@id":"https:\/\/gpp.vision\/de\/globale-friedenspartnerschaft\/ueber-den-vertrag\/","url":"https:\/\/gpp.vision\/de\/globale-friedenspartnerschaft\/ueber-den-vertrag\/","name":"\u00dcber den Vertrag | Globale Friedenspartnerschaft","isPartOf":{"@id":"https:\/\/gpp.vision\/de\/#website"},"primaryImageOfPage":{"@id":"https:\/\/gpp.vision\/de\/globale-friedenspartnerschaft\/ueber-den-vertrag\/#primaryimage"},"image":{"@id":"https:\/\/gpp.vision\/de\/globale-friedenspartnerschaft\/ueber-den-vertrag\/#primaryimage"},"thumbnailUrl":"https:\/\/gpp.vision\/de\/wp-content\/uploads\/sites\/2\/2025\/10\/menschen_hand_in_hand_auf_der_weltkugel.webp","datePublished":"2025-08-01T09:53:48+00:00","dateModified":"2025-10-12T13:16:10+00:00","breadcrumb":{"@id":"https:\/\/gpp.vision\/de\/globale-friedenspartnerschaft\/ueber-den-vertrag\/#breadcrumb"},"inLanguage":"de","potentialAction":[{"@type":"ReadAction","target":["https:\/\/gpp.vision\/de\/globale-friedenspartnerschaft\/ueber-den-vertrag\/"]}]},{"@type":"ImageObject","inLanguage":"de","@id":"https:\/\/gpp.vision\/de\/globale-friedenspartnerschaft\/ueber-den-vertrag\/#primaryimage","url":"https:\/\/gpp.vision\/de\/wp-content\/uploads\/sites\/2\/2025\/10\/menschen_hand_in_hand_auf_der_weltkugel.webp","contentUrl":"https:\/\/gpp.vision\/de\/wp-content\/uploads\/sites\/2\/2025\/10\/menschen_hand_in_hand_auf_der_weltkugel.webp","width":600,"height":411,"caption":"Verschiedene Papierfiguren, die sich auf einer Weltkugel an den H\u00e4nden halten und die globale Einheit symbolisieren."},{"@type":"BreadcrumbList","@id":"https:\/\/gpp.vision\/de\/globale-friedenspartnerschaft\/ueber-den-vertrag\/#breadcrumb","itemListElement":[{"@type":"ListItem","position":1,"name":"Startseite","item":"https:\/\/gpp.vision\/de\/"},{"@type":"ListItem","position":2,"name":"Globale Friedenspartnerschaft","item":"https:\/\/gpp.vision\/de\/"},{"@type":"ListItem","position":3,"name":"\u00dcber den Vertrag"}]},{"@type":"WebSite","@id":"https:\/\/gpp.vision\/de\/#website","url":"https:\/\/gpp.vision\/de\/","name":"Globale Friedenspartnerschaft","description":"Genug ist genug. Die Welt braucht einen Friedensvertrag.","publisher":{"@id":"https:\/\/gpp.vision\/de\/#organization"},"alternateName":"GPP","potentialAction":[{"@type":"SearchAction","target":{"@type":"EntryPoint","urlTemplate":"https:\/\/gpp.vision\/de\/?s={search_term_string}"},"query-input":{"@type":"PropertyValueSpecification","valueRequired":true,"valueName":"search_term_string"}}],"inLanguage":"de"},{"@type":"Organization","@id":"https:\/\/gpp.vision\/de\/#organization","name":"Globale Friedenspartnerschaft (GPP)","alternateName":"Global Peace Partnership","url":"https:\/\/gpp.vision\/de\/","logo":{"@type":"ImageObject","inLanguage":"de","@id":"https:\/\/gpp.vision\/de\/#\/schema\/logo\/image\/","url":"https:\/\/gpp.vision\/de\/wp-content\/uploads\/sites\/2\/2025\/10\/cropped-icon_gpp.png","contentUrl":"https:\/\/gpp.vision\/de\/wp-content\/uploads\/sites\/2\/2025\/10\/cropped-icon_gpp.png","width":512,"height":512,"caption":"Globale Friedenspartnerschaft (GPP)"},"image":{"@id":"https:\/\/gpp.vision\/de\/#\/schema\/logo\/image\/"}}]}},"_links":{"self":[{"href":"https:\/\/gpp.vision\/de\/wp-json\/wp\/v2\/pages\/16","targetHints":{"allow":["GET"]}}],"collection":[{"href":"https:\/\/gpp.vision\/de\/wp-json\/wp\/v2\/pages"}],"about":[{"href":"https:\/\/gpp.vision\/de\/wp-json\/wp\/v2\/types\/page"}],"author":[{"embeddable":true,"href":"https:\/\/gpp.vision\/de\/wp-json\/wp\/v2\/users\/1"}],"replies":[{"embeddable":true,"href":"https:\/\/gpp.vision\/de\/wp-json\/wp\/v2\/comments?post=16"}],"version-history":[{"count":5,"href":"https:\/\/gpp.vision\/de\/wp-json\/wp\/v2\/pages\/16\/revisions"}],"predecessor-version":[{"id":1462,"href":"https:\/\/gpp.vision\/de\/wp-json\/wp\/v2\/pages\/16\/revisions\/1462"}],"up":[{"embeddable":true,"href":"https:\/\/gpp.vision\/de\/wp-json\/wp\/v2\/pages\/12"}],"wp:attachment":[{"href":"https:\/\/gpp.vision\/de\/wp-json\/wp\/v2\/media?parent=16"}],"curies":[{"name":"wp","href":"https:\/\/api.w.org\/{rel}","templated":true}]}}