{"id":1166,"date":"2025-10-01T11:46:16","date_gmt":"2025-10-01T09:46:16","guid":{"rendered":"https:\/\/gpp.multiplecs.at\/de\/?page_id=1166"},"modified":"2025-10-12T15:17:01","modified_gmt":"2025-10-12T13:17:01","slug":"ueber-den-verein","status":"publish","type":"page","link":"https:\/\/gpp.vision\/de\/globale-friedenspartnerschaft\/ueber-den-verein\/","title":{"rendered":"\u00dcber den Verein"},"content":{"rendered":"\n<div class=\"wp-block-group is-style-container-small\" style=\"margin-bottom:0\">\n<h1 class=\"wp-block-heading\">\u00dcber den Verein<\/h1>\n\n\n\n<h2 class=\"wp-block-heading\">Unser Gr\u00fcndungsteam<\/h2>\n\n\n\n<p>Die <em>Global Peace Partnership (GPP)<\/em> wurde von einem kleinen Kernteam ins Leben gerufen, das seine Kompetenzen b\u00fcndelt, um die Bewegung aufzubauen:<\/p>\n\n\n\n<ul class=\"wp-block-list\">\n<li><strong>Markus Ulrich<\/strong> &#8211; Pr\u00e4sident in der Gr\u00fcndungsphase, Initiator, internationaler Koordinator, \u2026<\/li>\n\n\n\n<li><strong>Christian Schauperl <\/strong>&#8211; Schriftf\u00fchrer im \u00dcbergangsvorstand, verantwortlich f\u00fcr Webentwicklung, digitale Infrastruktur, \u2026<\/li>\n\n\n\n<li><strong>Nadja Ulrich<\/strong> &#8211; Kassierin im \u00dcbergangsvorstand, zust\u00e4ndig f\u00fcr Datenverarbeitung, \u2026<\/li>\n<\/ul>\n\n\n\n<p>Alle Teammitglieder arbeiten <strong>ehrenamtlich<\/strong> neben ihren beruflichen T\u00e4tigkeiten, ohne finanzielle Verg\u00fctung.<\/p>\n<\/div>\n\n\n\n<div class=\"wp-block-group is-style-container-small has-white-color-color has-secondary-color-background-color has-text-color has-background has-link-color wp-elements-d69e6b13c398b89b1de6df152609a003\" style=\"margin-top:var(--wp--preset--spacing--medium);margin-bottom:var(--wp--preset--spacing--medium);padding-top:var(--wp--preset--spacing--medium);padding-right:var(--wp--preset--spacing--medium);padding-bottom:var(--wp--preset--spacing--medium);padding-left:var(--wp--preset--spacing--medium)\">\n<p class=\"has-text-align-center has-larger-font-size\"><strong>\u00bbFrieden ist kein Traum \u2013 Frieden ist unsere gemeinsame Entscheidung.<\/strong>\u00ab<\/p>\n<\/div>\n\n\n\n<div class=\"wp-block-group is-style-container-small\">\n<p>Wir als Gr\u00fcndungsteam sind \u00fcberzeugt: Frieden entsteht nicht von selbst.<br>Er braucht Mut, Vertrauen und Menschen, die bereit sind, Verantwortung zu \u00fcbernehmen.<br>Gerade in einer Welt voller Konflikte wollen wir zeigen, dass Zusammenarbeit \u00fcber Grenzen hinweg m\u00f6glich ist \u2013 zwischen B\u00fcrgern, Organisationen und Staaten.<\/p>\n\n\n\n<p>Unsere Motivation ist, einen Beitrag zu leisten, damit kommende Generationen in einer Welt leben k\u00f6nnen, die von Dialog, Respekt und Zusammenarbeit gepr\u00e4gt ist.<\/p>\n\n\n\n<h2 class=\"wp-block-heading\">Dem Verein beitreten<\/h2>\n\n\n\n<p>M\u00f6chten auch Sie dem Verein beitreten und eine aktive Rolle spielen?<\/p>\n\n\n\n<div class=\"wp-block-buttons is-layout-flex wp-block-buttons-is-layout-flex\">\n<div class=\"wp-block-button\"><a class=\"wp-block-button__link wp-element-button\" href=\"https:\/\/gpp.vision\/de\/teilnehmen\/mitglied-werden\/\">Jetzt Mitglied werden<\/a><\/div>\n<\/div>\n<\/div>\n","protected":false},"excerpt":{"rendered":"<p>\u00dcber den Verein Unser Gr\u00fcndungsteam Die Global Peace Partnership (GPP) wurde von einem kleinen Kernteam ins Leben gerufen, das seine Kompetenzen b\u00fcndelt, um die Bewegung aufzubauen: Alle Teammitglieder arbeiten ehrenamtlich neben ihren beruflichen T\u00e4tigkeiten, ohne finanzielle Verg\u00fctung. \u00bbFrieden ist kein Traum \u2013 Frieden ist unsere gemeinsame Entscheidung.\u00ab Wir als Gr\u00fcndungsteam sind \u00fcberzeugt: Frieden entsteht nicht [&hellip;]<\/p>\n","protected":false},"author":1,"featured_media":0,"parent":12,"menu_order":1010,"comment_status":"closed","ping_status":"closed","template":"","meta":{"footnotes":""},"class_list":["post-1166","page","type-page","status-publish","hentry"],"yoast_head":"<!-- This site is optimized with the Yoast SEO plugin v27.3 - https:\/\/yoast.com\/product\/yoast-seo-wordpress\/ -->\n<title>\u00dcber den Verein | Globale Friedenspartnerschaft<\/title>\n<meta name=\"robots\" content=\"index, follow, max-snippet:-1, max-image-preview:large, max-video-preview:-1\" \/>\n<link rel=\"canonical\" href=\"https:\/\/gpp.vision\/de\/globale-friedenspartnerschaft\/ueber-den-verein\/\" \/>\n<meta property=\"og:locale\" content=\"de_DE\" \/>\n<meta property=\"og:type\" content=\"article\" \/>\n<meta property=\"og:title\" content=\"\u00dcber den Verein | Globale Friedenspartnerschaft\" \/>\n<meta property=\"og:description\" content=\"\u00dcber den Verein Unser Gr\u00fcndungsteam Die Global Peace Partnership (GPP) wurde von einem kleinen Kernteam ins Leben gerufen, das seine Kompetenzen b\u00fcndelt, um die Bewegung aufzubauen: Alle Teammitglieder arbeiten ehrenamtlich neben ihren beruflichen T\u00e4tigkeiten, ohne finanzielle Verg\u00fctung. \u00bbFrieden ist kein Traum \u2013 Frieden ist unsere gemeinsame Entscheidung.\u00ab Wir als Gr\u00fcndungsteam sind \u00fcberzeugt: Frieden entsteht nicht [&hellip;]\" \/>\n<meta property=\"og:url\" content=\"https:\/\/gpp.vision\/de\/globale-friedenspartnerschaft\/ueber-den-verein\/\" \/>\n<meta property=\"og:site_name\" content=\"Globale Friedenspartnerschaft\" \/>\n<meta property=\"article:modified_time\" content=\"2025-10-12T13:17:01+00:00\" \/>\n<meta name=\"twitter:card\" content=\"summary_large_image\" \/>\n<meta name=\"twitter:label1\" content=\"Gesch\u00e4tzte Lesezeit\" \/>\n\t<meta name=\"twitter:data1\" content=\"1\u00a0Minute\" \/>\n<script type=\"application\/ld+json\" class=\"yoast-schema-graph\">{\"@context\":\"https:\\\/\\\/schema.org\",\"@graph\":[{\"@type\":\"WebPage\",\"@id\":\"https:\\\/\\\/gpp.vision\\\/de\\\/globale-friedenspartnerschaft\\\/ueber-den-verein\\\/\",\"url\":\"https:\\\/\\\/gpp.vision\\\/de\\\/globale-friedenspartnerschaft\\\/ueber-den-verein\\\/\",\"name\":\"\u00dcber den Verein | Globale Friedenspartnerschaft\",\"isPartOf\":{\"@id\":\"https:\\\/\\\/gpp.vision\\\/de\\\/#website\"},\"datePublished\":\"2025-10-01T09:46:16+00:00\",\"dateModified\":\"2025-10-12T13:17:01+00:00\",\"breadcrumb\":{\"@id\":\"https:\\\/\\\/gpp.vision\\\/de\\\/globale-friedenspartnerschaft\\\/ueber-den-verein\\\/#breadcrumb\"},\"inLanguage\":\"de\",\"potentialAction\":[{\"@type\":\"ReadAction\",\"target\":[\"https:\\\/\\\/gpp.vision\\\/de\\\/globale-friedenspartnerschaft\\\/ueber-den-verein\\\/\"]}]},{\"@type\":\"BreadcrumbList\",\"@id\":\"https:\\\/\\\/gpp.vision\\\/de\\\/globale-friedenspartnerschaft\\\/ueber-den-verein\\\/#breadcrumb\",\"itemListElement\":[{\"@type\":\"ListItem\",\"position\":1,\"name\":\"Startseite\",\"item\":\"https:\\\/\\\/gpp.vision\\\/de\\\/\"},{\"@type\":\"ListItem\",\"position\":2,\"name\":\"Globale Friedenspartnerschaft\",\"item\":\"https:\\\/\\\/gpp.vision\\\/de\\\/\"},{\"@type\":\"ListItem\",\"position\":3,\"name\":\"\u00dcber den Verein\"}]},{\"@type\":\"WebSite\",\"@id\":\"https:\\\/\\\/gpp.vision\\\/de\\\/#website\",\"url\":\"https:\\\/\\\/gpp.vision\\\/de\\\/\",\"name\":\"Globale Friedenspartnerschaft\",\"description\":\"Genug ist genug. Die Welt braucht einen Friedensvertrag.\",\"publisher\":{\"@id\":\"https:\\\/\\\/gpp.vision\\\/de\\\/#organization\"},\"alternateName\":\"GPP\",\"potentialAction\":[{\"@type\":\"SearchAction\",\"target\":{\"@type\":\"EntryPoint\",\"urlTemplate\":\"https:\\\/\\\/gpp.vision\\\/de\\\/?s={search_term_string}\"},\"query-input\":{\"@type\":\"PropertyValueSpecification\",\"valueRequired\":true,\"valueName\":\"search_term_string\"}}],\"inLanguage\":\"de\"},{\"@type\":\"Organization\",\"@id\":\"https:\\\/\\\/gpp.vision\\\/de\\\/#organization\",\"name\":\"Globale Friedenspartnerschaft (GPP)\",\"alternateName\":\"Global Peace Partnership\",\"url\":\"https:\\\/\\\/gpp.vision\\\/de\\\/\",\"logo\":{\"@type\":\"ImageObject\",\"inLanguage\":\"de\",\"@id\":\"https:\\\/\\\/gpp.vision\\\/de\\\/#\\\/schema\\\/logo\\\/image\\\/\",\"url\":\"https:\\\/\\\/gpp.vision\\\/de\\\/wp-content\\\/uploads\\\/sites\\\/2\\\/2025\\\/10\\\/cropped-icon_gpp.png\",\"contentUrl\":\"https:\\\/\\\/gpp.vision\\\/de\\\/wp-content\\\/uploads\\\/sites\\\/2\\\/2025\\\/10\\\/cropped-icon_gpp.png\",\"width\":512,\"height\":512,\"caption\":\"Globale Friedenspartnerschaft (GPP)\"},\"image\":{\"@id\":\"https:\\\/\\\/gpp.vision\\\/de\\\/#\\\/schema\\\/logo\\\/image\\\/\"}}]}<\/script>\n<!-- \/ Yoast SEO plugin. -->","yoast_head_json":{"title":"\u00dcber den Verein | Globale Friedenspartnerschaft","robots":{"index":"index","follow":"follow","max-snippet":"max-snippet:-1","max-image-preview":"max-image-preview:large","max-video-preview":"max-video-preview:-1"},"canonical":"https:\/\/gpp.vision\/de\/globale-friedenspartnerschaft\/ueber-den-verein\/","og_locale":"de_DE","og_type":"article","og_title":"\u00dcber den Verein | Globale Friedenspartnerschaft","og_description":"\u00dcber den Verein Unser Gr\u00fcndungsteam Die Global Peace Partnership (GPP) wurde von einem kleinen Kernteam ins Leben gerufen, das seine Kompetenzen b\u00fcndelt, um die Bewegung aufzubauen: Alle Teammitglieder arbeiten ehrenamtlich neben ihren beruflichen T\u00e4tigkeiten, ohne finanzielle Verg\u00fctung. \u00bbFrieden ist kein Traum \u2013 Frieden ist unsere gemeinsame Entscheidung.\u00ab Wir als Gr\u00fcndungsteam sind \u00fcberzeugt: Frieden entsteht nicht [&hellip;]","og_url":"https:\/\/gpp.vision\/de\/globale-friedenspartnerschaft\/ueber-den-verein\/","og_site_name":"Globale Friedenspartnerschaft","article_modified_time":"2025-10-12T13:17:01+00:00","twitter_card":"summary_large_image","twitter_misc":{"Gesch\u00e4tzte Lesezeit":"1\u00a0Minute"},"schema":{"@context":"https:\/\/schema.org","@graph":[{"@type":"WebPage","@id":"https:\/\/gpp.vision\/de\/globale-friedenspartnerschaft\/ueber-den-verein\/","url":"https:\/\/gpp.vision\/de\/globale-friedenspartnerschaft\/ueber-den-verein\/","name":"\u00dcber den Verein | Globale Friedenspartnerschaft","isPartOf":{"@id":"https:\/\/gpp.vision\/de\/#website"},"datePublished":"2025-10-01T09:46:16+00:00","dateModified":"2025-10-12T13:17:01+00:00","breadcrumb":{"@id":"https:\/\/gpp.vision\/de\/globale-friedenspartnerschaft\/ueber-den-verein\/#breadcrumb"},"inLanguage":"de","potentialAction":[{"@type":"ReadAction","target":["https:\/\/gpp.vision\/de\/globale-friedenspartnerschaft\/ueber-den-verein\/"]}]},{"@type":"BreadcrumbList","@id":"https:\/\/gpp.vision\/de\/globale-friedenspartnerschaft\/ueber-den-verein\/#breadcrumb","itemListElement":[{"@type":"ListItem","position":1,"name":"Startseite","item":"https:\/\/gpp.vision\/de\/"},{"@type":"ListItem","position":2,"name":"Globale Friedenspartnerschaft","item":"https:\/\/gpp.vision\/de\/"},{"@type":"ListItem","position":3,"name":"\u00dcber den Verein"}]},{"@type":"WebSite","@id":"https:\/\/gpp.vision\/de\/#website","url":"https:\/\/gpp.vision\/de\/","name":"Globale Friedenspartnerschaft","description":"Genug ist genug. Die Welt braucht einen Friedensvertrag.","publisher":{"@id":"https:\/\/gpp.vision\/de\/#organization"},"alternateName":"GPP","potentialAction":[{"@type":"SearchAction","target":{"@type":"EntryPoint","urlTemplate":"https:\/\/gpp.vision\/de\/?s={search_term_string}"},"query-input":{"@type":"PropertyValueSpecification","valueRequired":true,"valueName":"search_term_string"}}],"inLanguage":"de"},{"@type":"Organization","@id":"https:\/\/gpp.vision\/de\/#organization","name":"Globale Friedenspartnerschaft (GPP)","alternateName":"Global Peace Partnership","url":"https:\/\/gpp.vision\/de\/","logo":{"@type":"ImageObject","inLanguage":"de","@id":"https:\/\/gpp.vision\/de\/#\/schema\/logo\/image\/","url":"https:\/\/gpp.vision\/de\/wp-content\/uploads\/sites\/2\/2025\/10\/cropped-icon_gpp.png","contentUrl":"https:\/\/gpp.vision\/de\/wp-content\/uploads\/sites\/2\/2025\/10\/cropped-icon_gpp.png","width":512,"height":512,"caption":"Globale Friedenspartnerschaft (GPP)"},"image":{"@id":"https:\/\/gpp.vision\/de\/#\/schema\/logo\/image\/"}}]}},"_links":{"self":[{"href":"https:\/\/gpp.vision\/de\/wp-json\/wp\/v2\/pages\/1166","targetHints":{"allow":["GET"]}}],"collection":[{"href":"https:\/\/gpp.vision\/de\/wp-json\/wp\/v2\/pages"}],"about":[{"href":"https:\/\/gpp.vision\/de\/wp-json\/wp\/v2\/types\/page"}],"author":[{"embeddable":true,"href":"https:\/\/gpp.vision\/de\/wp-json\/wp\/v2\/users\/1"}],"replies":[{"embeddable":true,"href":"https:\/\/gpp.vision\/de\/wp-json\/wp\/v2\/comments?post=1166"}],"version-history":[{"count":14,"href":"https:\/\/gpp.vision\/de\/wp-json\/wp\/v2\/pages\/1166\/revisions"}],"predecessor-version":[{"id":1463,"href":"https:\/\/gpp.vision\/de\/wp-json\/wp\/v2\/pages\/1166\/revisions\/1463"}],"up":[{"embeddable":true,"href":"https:\/\/gpp.vision\/de\/wp-json\/wp\/v2\/pages\/12"}],"wp:attachment":[{"href":"https:\/\/gpp.vision\/de\/wp-json\/wp\/v2\/media?parent=1166"}],"curies":[{"name":"wp","href":"https:\/\/api.w.org\/{rel}","templated":true}]}}